{"id":752,"date":"2023-11-23T20:18:35","date_gmt":"2023-11-23T23:18:35","guid":{"rendered":"https:\/\/www.madriproducoes.com.br\/portal\/?page_id=752"},"modified":"2024-06-25T13:31:59","modified_gmt":"2024-06-25T16:31:59","slug":"consultoria-aws-nitrogen","status":"publish","type":"page","link":"https:\/\/www.madriproducoes.com.br\/portal\/servicos\/consultoria-aws-nitrogen\/","title":{"rendered":"Consultoria AWS Nitrogen"},"content":{"rendered":"\t\t<div data-elementor-type=\"wp-page\" data-elementor-id=\"752\" class=\"elementor elementor-752\" data-elementor-post-type=\"page\">\n\t\t\t\t<div class=\"elementor-element elementor-element-949b19f e-con-full img-bnn e-flex e-con e-parent\" data-id=\"949b19f\" data-element_type=\"container\" data-e-type=\"container\" data-settings=\"{&quot;background_background&quot;:&quot;classic&quot;}\">\n\t\t\t\t<div class=\"elementor-element elementor-element-8a8bc19 elementor-widget-tablet__width-initial elementor-widget-mobile__width-inherit elementor-widget__width-initial elementor-widget elementor-widget-heading\" data-id=\"8a8bc19\" data-element_type=\"widget\" data-e-type=\"widget\" data-widget_type=\"heading.default\">\n\t\t\t\t<div class=\"elementor-widget-container\">\n\t\t\t\t\t<h2 class=\"elementor-heading-title elementor-size-default\">Consultoria AWS Nitrogen<\/h2>\t\t\t\t<\/div>\n\t\t\t\t<\/div>\n\t\t\t\t<div class=\"elementor-element elementor-element-57cd8e1 elementor-widget__width-initial elementor-widget-tablet__width-initial elementor-widget elementor-widget-html\" data-id=\"57cd8e1\" data-element_type=\"widget\" data-e-type=\"widget\" data-widget_type=\"html.default\">\n\t\t\t\t<div class=\"elementor-widget-container\">\n\t\t\t\t\t<!DOCTYPE html>\r\n<html lang=\"en\">\r\n<head>\r\n    <meta charset=\"UTF-8\">\r\n    <meta name=\"viewport\" content=\"width=device-width, initial-scale=1.0\">\r\n    <link rel=\"stylesheet\" href=\"styles.css\">\r\n    <title>Lista Responsiva<\/title>\r\n    \r\n<style type=\"text\/css\">\r\n       .lista2 {\r\n    display: flex;\r\n    flex-wrap: wrap;\r\n    max-width: 731px;\r\n    margin: 0px auto;\r\n    min-height: 20px;\r\n    max-height: 2000px;\r\n    padding: 0px 10px;\r\n    align-items: baseline;\r\n    \/*margin-bottom: 345px;*\/\r\n    background: #00000096 none repeat scroll 0 0;\r\n    border-radius: 5px;\r\n    padding-bottom: 20px;\r\n    padding-top: 5px;\r\n    justify-content: center;\r\n\r\n.item2 {\r\n     \/* Largura dos itens *\/\r\n    height: 12px; \/* Altura dos itens (ajuste conforme necess\u00e1rio) *\/\r\n    color: white; \r\n    font-weight: 600;\r\n    font-size: 14px;\r\n    margin: 0px 0px; \/* Espa\u00e7amento entre os itens (ajuste conforme necess\u00e1rio) *\/\r\n   font-family: 'Poppins', sans-serif;\r\n    text-align: center;\r\n    line-height: 40px; \/* Centraliza o texto verticalmente *\/\r\n}\r\n\r\n.item2 i{\r\n    color: #ffb606;\r\n    font-size: 15px;\r\n}\r\n\r\n.item2 a {\r\n    color: #FFFFFF;\r\n}\r\nsvg {\r\n    width: 8px ;\r\n    fill: #ffb606  ;\r\n    stroke-width: 5px !important;\r\n    margin: 0px 10px\r\n    \r\n    \r\n}\r\n\r\n.item-final2{\r\n    color: #FFFFFF96;\r\n}\r\n\r\n@media(max-width: 1024px){\r\n   .lista2 {\r\n    display: flex;\r\n    flex-wrap: wrap;\r\n    max-width: 470px;}\r\n}\r\n\r\n@media(max-width: 425px){\r\n    .home2{\r\n    width: 44%;\r\n    text-align: right;\r\n\r\n}\r\n.servico2{\r\n    width: 44%;\r\n    text-align: left\r\n}\r\n\r\n\r\n}\r\n\r\n@media(max-width: 375px){\r\n    padding-right: 0px;\r\n    padding-left: 0px\r\n}\r\n\r\n@media(max-width: 320px){\r\n.item2{\r\n    font-size: 12px;\r\n}\r\n\r\n}\r\n\r\n\r\n\r\n        \r\n    <\/style>\r\n<\/head>\r\n<body>\r\n    <div class=\"lista2\">\r\n<div class=\"item2 home2\"><i class=\"fas fa-home\"><\/i><a href=\"https:\/\/www.madriproducoes.com.br\/portal\/\"> HOME<\/a><\/div><svg aria-hidden=\"true\" class=\" entreHS e-font-icon-svg e-far-circle\" viewBox=\"0 0 512 512\" xmlns=\"http:\/\/www.w3.org\/2000\/svg\"><path d=\"M256 8C119 8 8 119 8 256s111 248 248 248 248-111 248-248S393 8 256 8zm0 448c-110.5 0-200-89.5-200-200S145.5 56 256 56s200 89.5 200 200-89.5 200-200 200z\"><\/path><\/svg>\r\n<div class=\"item2 servico2\"><a href=\"https:\/\/www.madriproducoes.com.br\/portal\/servicos\/\">SERVI\u00c7O <\/a><\/div><svg aria-hidden=\"true\" class=\"depois-servico e-font-icon-svg e-far-circle\" viewBox=\"0 0 512 512\" xmlns=\"http:\/\/www.w3.org\/2000\/svg\"><path d=\"M256 8C119 8 8 119 8 256s111 248 248 248 248-111 248-248S393 8 256 8zm0 448c-110.5 0-200-89.5-200-200S145.5 56 256 56s200 89.5 200 200-89.5 200-200 200z\"><\/path><\/svg>\r\n <div class=\"item2\"><a href=\"https:\/\/www.madriproducoes.com.br\/portal\/servicos\/aws-2\/\">CONSULTORIA AWS<\/a><\/div><svg aria-hidden=\"true\" class=\"e-font-icon-svg e-far-circle\" viewBox=\"0 0 512 512\" xmlns=\"http:\/\/www.w3.org\/2000\/svg\"><path d=\"M256 8C119 8 8 119 8 256s111 248 248 248 248-111 248-248S393 8 256 8zm0 448c-110.5 0-200-89.5-200-200S145.5 56 256 56s200 89.5 200 200-89.5 200-200 200z\"><\/path><\/svg>\r\n        <div class=\"item2 item-final2\">CONSULTORIA AWS NITROGEN<\/div>\r\n        <!-- Adicione mais itens conforme necess\u00e1rio -->\r\n    <\/div>\r\n<\/body>\r\n<\/html>\t\t\t\t<\/div>\n\t\t\t\t<\/div>\n\t\t\t\t<\/div>\n\t\t<div class=\"elementor-element elementor-element-27a05c9 e-flex e-con-boxed e-con e-parent\" data-id=\"27a05c9\" data-element_type=\"container\" data-e-type=\"container\">\n\t\t\t\t\t<div class=\"e-con-inner\">\n\t\t<div class=\"elementor-element elementor-element-2d7ab4e e-con-full e-flex e-con e-child\" data-id=\"2d7ab4e\" data-element_type=\"container\" data-e-type=\"container\">\n\t\t\t\t<div class=\"elementor-element elementor-element-a7b7a7b elementor-widget elementor-widget-text-editor\" data-id=\"a7b7a7b\" data-element_type=\"widget\" data-e-type=\"widget\" data-widget_type=\"text-editor.default\">\n\t\t\t\t<div class=\"elementor-widget-container\">\n\t\t\t\t\t\t\t\t\t<p>Talvez voc\u00ea ainda esteja iniciando um neg\u00f3cio ou precisa ajustar seus servi\u00e7os a uma demanda. N\u00e3o conhecer os detalhes da tecnologia AWS talvez seja um entrave inicial.<\/p><p>A Madri Lab poder\u00e1 contribuir com o know-how adquirido em diversos projetos ao longo dos anos e assim mitigar risco como escolha da tecnologia errada, recursos mal alocados, erros de otimiza\u00e7\u00e3o e escolha de softwares entre outros.<\/p><p>O Nosso objetivo \u00e9 simplificar as tomadas de decis\u00f5es e evitar as escolhas erradas ou menos otimizadas para o seu modelo de neg\u00f3cio.<\/p>\t\t\t\t\t\t\t\t<\/div>\n\t\t\t\t<\/div>\n\t\t\t\t<\/div>\n\t\t<div class=\"elementor-element elementor-element-2163f5e e-con-full e-flex e-con e-child\" data-id=\"2163f5e\" data-element_type=\"container\" data-e-type=\"container\">\n\t\t\t\t<div class=\"elementor-element elementor-element-11e24ec elementor-widget elementor-widget-image\" data-id=\"11e24ec\" data-element_type=\"widget\" data-e-type=\"widget\" data-widget_type=\"image.default\">\n\t\t\t\t<div class=\"elementor-widget-container\">\n\t\t\t\t\t\t\t\t\t\t\t\t\t\t\t<img fetchpriority=\"high\" decoding=\"async\" width=\"488\" height=\"325\" src=\"https:\/\/www.madriproducoes.com.br\/portal\/wp-content\/uploads\/2023\/11\/consultoria-aws-nitrogen-1.jpg\" class=\"attachment-large size-large wp-image-754\" alt=\"\" srcset=\"https:\/\/www.madriproducoes.com.br\/portal\/wp-content\/uploads\/2023\/11\/consultoria-aws-nitrogen-1.jpg 488w, https:\/\/www.madriproducoes.com.br\/portal\/wp-content\/uploads\/2023\/11\/consultoria-aws-nitrogen-1-300x200.jpg 300w\" sizes=\"(max-width: 488px) 100vw, 488px\" \/>\t\t\t\t\t\t\t\t\t\t\t\t\t\t\t<\/div>\n\t\t\t\t<\/div>\n\t\t\t\t<\/div>\n\t\t\t\t\t<\/div>\n\t\t\t\t<\/div>\n\t\t<div class=\"elementor-element elementor-element-ffce220 e-flex e-con-boxed e-con e-parent\" data-id=\"ffce220\" data-element_type=\"container\" data-e-type=\"container\" data-settings=\"{&quot;background_background&quot;:&quot;classic&quot;}\">\n\t\t\t\t\t<div class=\"e-con-inner\">\n\t\t\t\t<div class=\"elementor-element elementor-element-18f4b0b elementor-widget elementor-widget-text-editor\" data-id=\"18f4b0b\" data-element_type=\"widget\" data-e-type=\"widget\" data-widget_type=\"text-editor.default\">\n\t\t\t\t<div class=\"elementor-widget-container\">\n\t\t\t\t\t\t\t\t\t<p>Ajudamos os clientes para que tenham a melhor experi\u00eancia poss\u00edvel com a plataforma Moodle, com base em nossos compromissos em torno de quatro princ\u00edpios b\u00e1sicos:<\/p><div class=\"row\"><div class=\"col-md-6\"><div class=\"principio\">\u00a0<\/div><\/div><\/div>\t\t\t\t\t\t\t\t<\/div>\n\t\t\t\t<\/div>\n\t\t\t\t\t<\/div>\n\t\t\t\t<\/div>\n\t\t<div class=\"elementor-element elementor-element-607bf69 e-grid e-con-boxed e-con e-parent\" data-id=\"607bf69\" data-element_type=\"container\" data-e-type=\"container\" data-settings=\"{&quot;background_background&quot;:&quot;classic&quot;}\">\n\t\t\t\t\t<div class=\"e-con-inner\">\n\t\t<div class=\"elementor-element elementor-element-289dfad e-flex e-con-boxed e-con e-child\" data-id=\"289dfad\" data-element_type=\"container\" data-e-type=\"container\" data-settings=\"{&quot;background_background&quot;:&quot;classic&quot;}\">\n\t\t\t\t\t<div class=\"e-con-inner\">\n\t\t<div class=\"elementor-element elementor-element-c619190 e-flex e-con-boxed e-con e-child\" data-id=\"c619190\" data-element_type=\"container\" data-e-type=\"container\">\n\t\t\t\t\t<div class=\"e-con-inner\">\n\t\t\t\t<div class=\"elementor-element elementor-element-95b8a0f elementor-widget elementor-widget-heading\" data-id=\"95b8a0f\" data-element_type=\"widget\" data-e-type=\"widget\" data-widget_type=\"heading.default\">\n\t\t\t\t<div class=\"elementor-widget-container\">\n\t\t\t\t\t<h2 class=\"elementor-heading-title elementor-size-default\">1 - Alinhamento\n<\/h2>\t\t\t\t<\/div>\n\t\t\t\t<\/div>\n\t\t\t\t\t<\/div>\n\t\t\t\t<\/div>\n\t\t<div class=\"elementor-element elementor-element-ced32bf e-flex e-con-boxed e-con e-child\" data-id=\"ced32bf\" data-element_type=\"container\" data-e-type=\"container\">\n\t\t\t\t\t<div class=\"e-con-inner\">\n\t\t\t\t<div class=\"elementor-element elementor-element-61cae85 elementor-widget elementor-widget-text-editor\" data-id=\"61cae85\" data-element_type=\"widget\" data-e-type=\"widget\" data-widget_type=\"text-editor.default\">\n\t\t\t\t<div class=\"elementor-widget-container\">\n\t\t\t\t\t\t\t\t\t<p>Agimos de acordo com as necessidades de cada cliente.<\/p><p>Nossos engenheiros interagem com \u00e0 equipe de produto do cliente e alocam 100% do seu conhecimento ajustado ao projeto.<\/p>\t\t\t\t\t\t\t\t<\/div>\n\t\t\t\t<\/div>\n\t\t\t\t\t<\/div>\n\t\t\t\t<\/div>\n\t\t\t\t\t<\/div>\n\t\t\t\t<\/div>\n\t\t<div class=\"elementor-element elementor-element-23fa396 e-flex e-con-boxed e-con e-child\" data-id=\"23fa396\" data-element_type=\"container\" data-e-type=\"container\" data-settings=\"{&quot;background_background&quot;:&quot;classic&quot;}\">\n\t\t\t\t\t<div class=\"e-con-inner\">\n\t\t<div class=\"elementor-element elementor-element-66dc0e4 e-flex e-con-boxed e-con e-child\" data-id=\"66dc0e4\" data-element_type=\"container\" data-e-type=\"container\">\n\t\t\t\t\t<div class=\"e-con-inner\">\n\t\t\t\t<div class=\"elementor-element elementor-element-8a0fb19 elementor-widget elementor-widget-heading\" data-id=\"8a0fb19\" data-element_type=\"widget\" data-e-type=\"widget\" data-widget_type=\"heading.default\">\n\t\t\t\t<div class=\"elementor-widget-container\">\n\t\t\t\t\t<h2 class=\"elementor-heading-title elementor-size-default\">2 - Paix\u00e3o e comprometimento\n<\/h2>\t\t\t\t<\/div>\n\t\t\t\t<\/div>\n\t\t\t\t\t<\/div>\n\t\t\t\t<\/div>\n\t\t<div class=\"elementor-element elementor-element-cf73424 e-flex e-con-boxed e-con e-child\" data-id=\"cf73424\" data-element_type=\"container\" data-e-type=\"container\">\n\t\t\t\t\t<div class=\"e-con-inner\">\n\t\t\t\t<div class=\"elementor-element elementor-element-aa5243d elementor-widget elementor-widget-text-editor\" data-id=\"aa5243d\" data-element_type=\"widget\" data-e-type=\"widget\" data-widget_type=\"text-editor.default\">\n\t\t\t\t<div class=\"elementor-widget-container\">\n\t\t\t\t\t\t\t\t\t<div class=\"row\">\n<div class=\"col-md-6\">\n<div class=\"principio\">\n<p>N\u00f3s nos concentramos em resultados e alavancamos as tecnologias e ferramentas mais recentes para maximizar nossa produtividade.<\/p><\/div><\/div><\/div>\t\t\t\t\t\t\t\t<\/div>\n\t\t\t\t<\/div>\n\t\t\t\t\t<\/div>\n\t\t\t\t<\/div>\n\t\t\t\t\t<\/div>\n\t\t\t\t<\/div>\n\t\t<div class=\"elementor-element elementor-element-d1753c9 e-flex e-con-boxed e-con e-child\" data-id=\"d1753c9\" data-element_type=\"container\" data-e-type=\"container\" data-settings=\"{&quot;background_background&quot;:&quot;classic&quot;}\">\n\t\t\t\t\t<div class=\"e-con-inner\">\n\t\t<div class=\"elementor-element elementor-element-0983353 e-flex e-con-boxed e-con e-child\" data-id=\"0983353\" data-element_type=\"container\" data-e-type=\"container\">\n\t\t\t\t\t<div class=\"e-con-inner\">\n\t\t\t\t<div class=\"elementor-element elementor-element-75936f5 elementor-widget elementor-widget-heading\" data-id=\"75936f5\" data-element_type=\"widget\" data-e-type=\"widget\" data-widget_type=\"heading.default\">\n\t\t\t\t<div class=\"elementor-widget-container\">\n\t\t\t\t\t<h2 class=\"elementor-heading-title elementor-size-default\">3 - Excel\u00eancia Sempre\n<\/h2>\t\t\t\t<\/div>\n\t\t\t\t<\/div>\n\t\t\t\t\t<\/div>\n\t\t\t\t<\/div>\n\t\t<div class=\"elementor-element elementor-element-9fb111c e-flex e-con-boxed e-con e-child\" data-id=\"9fb111c\" data-element_type=\"container\" data-e-type=\"container\">\n\t\t\t\t\t<div class=\"e-con-inner\">\n\t\t\t\t<div class=\"elementor-element elementor-element-d5b43c7 elementor-widget elementor-widget-text-editor\" data-id=\"d5b43c7\" data-element_type=\"widget\" data-e-type=\"widget\" data-widget_type=\"text-editor.default\">\n\t\t\t\t<div class=\"elementor-widget-container\">\n\t\t\t\t\t\t\t\t\t<div class=\"col-md-6\">\n<div class=\"principio\">\n<p>Estamos em constante atualiza\u00e7\u00e3o, em busca no que h\u00e1 de melhor e mais moderno, replicamos todo o nosso ganho em nossos clientes para que atinjam o mesmo n\u00edvel de evolu\u00e7\u00e3o.<\/p><\/div><\/div>\t\t\t\t\t\t\t\t<\/div>\n\t\t\t\t<\/div>\n\t\t\t\t\t<\/div>\n\t\t\t\t<\/div>\n\t\t\t\t\t<\/div>\n\t\t\t\t<\/div>\n\t\t<div class=\"elementor-element elementor-element-053fb48 e-flex e-con-boxed e-con e-child\" data-id=\"053fb48\" data-element_type=\"container\" data-e-type=\"container\" data-settings=\"{&quot;background_background&quot;:&quot;classic&quot;}\">\n\t\t\t\t\t<div class=\"e-con-inner\">\n\t\t<div class=\"elementor-element elementor-element-de24cf7 e-flex e-con-boxed e-con e-child\" data-id=\"de24cf7\" data-element_type=\"container\" data-e-type=\"container\">\n\t\t\t\t\t<div class=\"e-con-inner\">\n\t\t\t\t<div class=\"elementor-element elementor-element-c4a0203 elementor-widget elementor-widget-heading\" data-id=\"c4a0203\" data-element_type=\"widget\" data-e-type=\"widget\" data-widget_type=\"heading.default\">\n\t\t\t\t<div class=\"elementor-widget-container\">\n\t\t\t\t\t<h2 class=\"elementor-heading-title elementor-size-default\">4 - Autonomia para nossos clientes\n<\/h2>\t\t\t\t<\/div>\n\t\t\t\t<\/div>\n\t\t\t\t\t<\/div>\n\t\t\t\t<\/div>\n\t\t<div class=\"elementor-element elementor-element-82c1293 e-flex e-con-boxed e-con e-child\" data-id=\"82c1293\" data-element_type=\"container\" data-e-type=\"container\">\n\t\t\t\t\t<div class=\"e-con-inner\">\n\t\t\t\t<div class=\"elementor-element elementor-element-9f53f5b elementor-widget elementor-widget-text-editor\" data-id=\"9f53f5b\" data-element_type=\"widget\" data-e-type=\"widget\" data-widget_type=\"text-editor.default\">\n\t\t\t\t<div class=\"elementor-widget-container\">\n\t\t\t\t\t\t\t\t\t<div class=\"col-md-6\">\n<div class=\"principio\">\n<div class=\"principios\">\n<div class=\"container\">\n<div class=\"row\">\n<div class=\"col-md-6\">\n<div class=\"principio\">\n<p>Transferimos nosso conhecimento de engenharia para que os clientes possam continuar a automatizar a entrega de software por conta pr\u00f3pria.<\/p><\/div><\/div><\/div><\/div><\/div><\/div><\/div>\t\t\t\t\t\t\t\t<\/div>\n\t\t\t\t<\/div>\n\t\t\t\t\t<\/div>\n\t\t\t\t<\/div>\n\t\t\t\t\t<\/div>\n\t\t\t\t<\/div>\n\t\t\t\t\t<\/div>\n\t\t\t\t<\/div>\n\t\t<div class=\"elementor-element elementor-element-5ff2182 img-bnn e-flex e-con-boxed e-con e-parent\" data-id=\"5ff2182\" data-element_type=\"container\" data-e-type=\"container\" data-settings=\"{&quot;background_background&quot;:&quot;classic&quot;}\">\n\t\t\t\t\t<div class=\"e-con-inner\">\n\t\t\t\t<div class=\"elementor-element elementor-element-b2f0c0a elementor-widget-tablet__width-initial elementor-widget-mobile__width-inherit elementor-widget elementor-widget-heading\" data-id=\"b2f0c0a\" data-element_type=\"widget\" data-e-type=\"widget\" data-widget_type=\"heading.default\">\n\t\t\t\t<div class=\"elementor-widget-container\">\n\t\t\t\t\t<h2 class=\"elementor-heading-title elementor-size-default\">Entre em contato conosco via WhatsApp\n<\/h2>\t\t\t\t<\/div>\n\t\t\t\t<\/div>\n\t\t\t\t<div class=\"elementor-element elementor-element-a0fec1d elementor-widget elementor-widget-button\" data-id=\"a0fec1d\" data-element_type=\"widget\" data-e-type=\"widget\" data-widget_type=\"button.default\">\n\t\t\t\t<div class=\"elementor-widget-container\">\n\t\t\t\t\t\t\t\t\t<div class=\"elementor-button-wrapper\">\n\t\t\t\t\t<a class=\"elementor-button elementor-button-link elementor-size-sm\" href=\"https:\/\/api.whatsapp.com\/send\/?phone=5511976371013&#038;text&#038;type=phone_number&#038;app_absent=0\" target=\"_blank\">\n\t\t\t\t\t\t<span class=\"elementor-button-content-wrapper\">\n\t\t\t\t\t\t<span class=\"elementor-button-icon\">\n\t\t\t\t<svg aria-hidden=\"true\" class=\"e-font-icon-svg e-fab-whatsapp\" viewBox=\"0 0 448 512\" xmlns=\"http:\/\/www.w3.org\/2000\/svg\"><path d=\"M380.9 97.1C339 55.1 283.2 32 223.9 32c-122.4 0-222 99.6-222 222 0 39.1 10.2 77.3 29.6 111L0 480l117.7-30.9c32.4 17.7 68.9 27 106.1 27h.1c122.3 0 224.1-99.6 224.1-222 0-59.3-25.2-115-67.1-157zm-157 341.6c-33.2 0-65.7-8.9-94-25.7l-6.7-4-69.8 18.3L72 359.2l-4.4-7c-18.5-29.4-28.2-63.3-28.2-98.2 0-101.7 82.8-184.5 184.6-184.5 49.3 0 95.6 19.2 130.4 54.1 34.8 34.9 56.2 81.2 56.1 130.5 0 101.8-84.9 184.6-186.6 184.6zm101.2-138.2c-5.5-2.8-32.8-16.2-37.9-18-5.1-1.9-8.8-2.8-12.5 2.8-3.7 5.6-14.3 18-17.6 21.8-3.2 3.7-6.5 4.2-12 1.4-32.6-16.3-54-29.1-75.5-66-5.7-9.8 5.7-9.1 16.3-30.3 1.8-3.7.9-6.9-.5-9.7-1.4-2.8-12.5-30.1-17.1-41.2-4.5-10.8-9.1-9.3-12.5-9.5-3.2-.2-6.9-.2-10.6-.2-3.7 0-9.7 1.4-14.8 6.9-5.1 5.6-19.4 19-19.4 46.3 0 27.3 19.9 53.7 22.6 57.4 2.8 3.7 39.1 59.7 94.8 83.8 35.2 15.2 49 16.5 66.6 13.9 10.7-1.6 32.8-13.4 37.4-26.4 4.6-13 4.6-24.1 3.2-26.4-1.3-2.5-5-3.9-10.5-6.6z\"><\/path><\/svg>\t\t\t<\/span>\n\t\t\t\t\t\t\t\t\t<span class=\"elementor-button-text\">Entrar em contato<\/span>\n\t\t\t\t\t<\/span>\n\t\t\t\t\t<\/a>\n\t\t\t\t<\/div>\n\t\t\t\t\t\t\t\t<\/div>\n\t\t\t\t<\/div>\n\t\t\t\t\t<\/div>\n\t\t\t\t<\/div>\n\t\t\t\t<\/div>\n\t\t","protected":false},"excerpt":{"rendered":"<p>Consultoria AWS Nitrogen Lista Responsiva HOME SERVI\u00c7O CONSULTORIA AWS CONSULTORIA AWS NITROGEN Talvez voc\u00ea ainda esteja iniciando um neg\u00f3cio ou precisa ajustar seus servi\u00e7os a uma demanda. N\u00e3o conhecer os detalhes da tecnologia AWS talvez seja um entrave inicial. A Madri Lab poder\u00e1 contribuir com o know-how adquirido em diversos projetos ao longo dos anos [&hellip;]<\/p>\n","protected":false},"author":2,"featured_media":0,"parent":14,"menu_order":0,"comment_status":"closed","ping_status":"closed","template":"","meta":{"footnotes":""},"folder":[],"class_list":["post-752","page","type-page","status-publish","hentry"],"yoast_head":"<!-- This site is optimized with the Yoast SEO plugin v27.3 - https:\/\/yoast.com\/product\/yoast-seo-wordpress\/ -->\n<title>Consultoria AWS Nitrogen - Madri Lab<\/title>\n<meta name=\"robots\" content=\"index, follow, max-snippet:-1, max-image-preview:large, max-video-preview:-1\" \/>\n<link rel=\"canonical\" href=\"https:\/\/www.madriproducoes.com.br\/portal\/servicos\/consultoria-aws-nitrogen\/\" \/>\n<meta property=\"og:locale\" content=\"pt_BR\" \/>\n<meta property=\"og:type\" content=\"article\" \/>\n<meta property=\"og:title\" content=\"Consultoria AWS Nitrogen - Madri Lab\" \/>\n<meta property=\"og:description\" content=\"Consultoria AWS Nitrogen Lista Responsiva HOME SERVI\u00c7O CONSULTORIA AWS CONSULTORIA AWS NITROGEN Talvez voc\u00ea ainda esteja iniciando um neg\u00f3cio ou precisa ajustar seus servi\u00e7os a uma demanda. N\u00e3o conhecer os detalhes da tecnologia AWS talvez seja um entrave inicial. A Madri Lab poder\u00e1 contribuir com o know-how adquirido em diversos projetos ao longo dos anos [&hellip;]\" \/>\n<meta property=\"og:url\" content=\"https:\/\/www.madriproducoes.com.br\/portal\/servicos\/consultoria-aws-nitrogen\/\" \/>\n<meta property=\"og:site_name\" content=\"Madri Lab\" \/>\n<meta property=\"article:modified_time\" content=\"2024-06-25T16:31:59+00:00\" \/>\n<meta property=\"og:image\" content=\"https:\/\/www.madriproducoes.com.br\/portal\/wp-content\/uploads\/2023\/11\/consultoria-aws-nitrogen-1.jpg\" \/>\n<meta name=\"twitter:card\" content=\"summary_large_image\" \/>\n<meta name=\"twitter:label1\" content=\"Est. tempo de leitura\" \/>\n\t<meta name=\"twitter:data1\" content=\"2 minutos\" \/>\n<!-- \/ Yoast SEO plugin. -->","yoast_head_json":{"title":"Consultoria AWS Nitrogen - Madri Lab","robots":{"index":"index","follow":"follow","max-snippet":"max-snippet:-1","max-image-preview":"max-image-preview:large","max-video-preview":"max-video-preview:-1"},"canonical":"https:\/\/www.madriproducoes.com.br\/portal\/servicos\/consultoria-aws-nitrogen\/","og_locale":"pt_BR","og_type":"article","og_title":"Consultoria AWS Nitrogen - Madri Lab","og_description":"Consultoria AWS Nitrogen Lista Responsiva HOME SERVI\u00c7O CONSULTORIA AWS CONSULTORIA AWS NITROGEN Talvez voc\u00ea ainda esteja iniciando um neg\u00f3cio ou precisa ajustar seus servi\u00e7os a uma demanda. N\u00e3o conhecer os detalhes da tecnologia AWS talvez seja um entrave inicial. A Madri Lab poder\u00e1 contribuir com o know-how adquirido em diversos projetos ao longo dos anos [&hellip;]","og_url":"https:\/\/www.madriproducoes.com.br\/portal\/servicos\/consultoria-aws-nitrogen\/","og_site_name":"Madri Lab","article_modified_time":"2024-06-25T16:31:59+00:00","og_image":[{"url":"https:\/\/www.madriproducoes.com.br\/portal\/wp-content\/uploads\/2023\/11\/consultoria-aws-nitrogen-1.jpg","type":"","width":"","height":""}],"twitter_card":"summary_large_image","twitter_misc":{"Est. tempo de leitura":"2 minutos"},"schema":{"@context":"https:\/\/schema.org","@graph":[{"@type":"WebPage","@id":"https:\/\/www.madriproducoes.com.br\/portal\/servicos\/consultoria-aws-nitrogen\/","url":"https:\/\/www.madriproducoes.com.br\/portal\/servicos\/consultoria-aws-nitrogen\/","name":"Consultoria AWS Nitrogen - Madri Lab","isPartOf":{"@id":"https:\/\/www.madriproducoes.com.br\/portal\/#website"},"primaryImageOfPage":{"@id":"https:\/\/www.madriproducoes.com.br\/portal\/servicos\/consultoria-aws-nitrogen\/#primaryimage"},"image":{"@id":"https:\/\/www.madriproducoes.com.br\/portal\/servicos\/consultoria-aws-nitrogen\/#primaryimage"},"thumbnailUrl":"https:\/\/www.madriproducoes.com.br\/portal\/wp-content\/uploads\/2023\/11\/consultoria-aws-nitrogen-1.jpg","datePublished":"2023-11-23T23:18:35+00:00","dateModified":"2024-06-25T16:31:59+00:00","breadcrumb":{"@id":"https:\/\/www.madriproducoes.com.br\/portal\/servicos\/consultoria-aws-nitrogen\/#breadcrumb"},"inLanguage":"pt-BR","potentialAction":[{"@type":"ReadAction","target":["https:\/\/www.madriproducoes.com.br\/portal\/servicos\/consultoria-aws-nitrogen\/"]}]},{"@type":"ImageObject","inLanguage":"pt-BR","@id":"https:\/\/www.madriproducoes.com.br\/portal\/servicos\/consultoria-aws-nitrogen\/#primaryimage","url":"https:\/\/www.madriproducoes.com.br\/portal\/wp-content\/uploads\/2023\/11\/consultoria-aws-nitrogen-1.jpg","contentUrl":"https:\/\/www.madriproducoes.com.br\/portal\/wp-content\/uploads\/2023\/11\/consultoria-aws-nitrogen-1.jpg","width":488,"height":325},{"@type":"BreadcrumbList","@id":"https:\/\/www.madriproducoes.com.br\/portal\/servicos\/consultoria-aws-nitrogen\/#breadcrumb","itemListElement":[{"@type":"ListItem","position":1,"name":"In\u00edcio","item":"https:\/\/www.madriproducoes.com.br\/portal\/"},{"@type":"ListItem","position":2,"name":"Servi\u00e7os","item":"https:\/\/www.madriproducoes.com.br\/portal\/servicos\/"},{"@type":"ListItem","position":3,"name":"Consultoria AWS Nitrogen"}]},{"@type":"WebSite","@id":"https:\/\/www.madriproducoes.com.br\/portal\/#website","url":"https:\/\/www.madriproducoes.com.br\/portal\/","name":"Madri Lab","description":"&quot;Descubra a Madriprodu\u00e7\u00f5es: especialistas em criar eventos inesquec\u00edveis! Oferecemos solu\u00e7\u00f5es completas em produ\u00e7\u00e3o audiovisual, gest\u00e3o de eventos e conte\u00fados digitais para transformar sua ideia em realidade. Confira nossos servi\u00e7os!","publisher":{"@id":"https:\/\/www.madriproducoes.com.br\/portal\/#organization"},"potentialAction":[{"@type":"SearchAction","target":{"@type":"EntryPoint","urlTemplate":"https:\/\/www.madriproducoes.com.br\/portal\/?s={search_term_string}"},"query-input":{"@type":"PropertyValueSpecification","valueRequired":true,"valueName":"search_term_string"}}],"inLanguage":"pt-BR"},{"@type":"Organization","@id":"https:\/\/www.madriproducoes.com.br\/portal\/#organization","name":"Madri Lab","url":"https:\/\/www.madriproducoes.com.br\/portal\/","logo":{"@type":"ImageObject","inLanguage":"pt-BR","@id":"https:\/\/www.madriproducoes.com.br\/portal\/#\/schema\/logo\/image\/","url":"https:\/\/www.madriproducoes.com.br\/portal\/wp-content\/uploads\/2023\/11\/logotipo-header.png","contentUrl":"https:\/\/www.madriproducoes.com.br\/portal\/wp-content\/uploads\/2023\/11\/logotipo-header.png","width":160,"height":92,"caption":"Madri Lab"},"image":{"@id":"https:\/\/www.madriproducoes.com.br\/portal\/#\/schema\/logo\/image\/"}}]}},"_links":{"self":[{"href":"https:\/\/www.madriproducoes.com.br\/portal\/wp-json\/wp\/v2\/pages\/752","targetHints":{"allow":["GET"]}}],"collection":[{"href":"https:\/\/www.madriproducoes.com.br\/portal\/wp-json\/wp\/v2\/pages"}],"about":[{"href":"https:\/\/www.madriproducoes.com.br\/portal\/wp-json\/wp\/v2\/types\/page"}],"author":[{"embeddable":true,"href":"https:\/\/www.madriproducoes.com.br\/portal\/wp-json\/wp\/v2\/users\/2"}],"replies":[{"embeddable":true,"href":"https:\/\/www.madriproducoes.com.br\/portal\/wp-json\/wp\/v2\/comments?post=752"}],"version-history":[{"count":152,"href":"https:\/\/www.madriproducoes.com.br\/portal\/wp-json\/wp\/v2\/pages\/752\/revisions"}],"predecessor-version":[{"id":6089,"href":"https:\/\/www.madriproducoes.com.br\/portal\/wp-json\/wp\/v2\/pages\/752\/revisions\/6089"}],"up":[{"embeddable":true,"href":"https:\/\/www.madriproducoes.com.br\/portal\/wp-json\/wp\/v2\/pages\/14"}],"wp:attachment":[{"href":"https:\/\/www.madriproducoes.com.br\/portal\/wp-json\/wp\/v2\/media?parent=752"}],"wp:term":[{"taxonomy":"folder","embeddable":true,"href":"https:\/\/www.madriproducoes.com.br\/portal\/wp-json\/wp\/v2\/folder?post=752"}],"curies":[{"name":"wp","href":"https:\/\/api.w.org\/{rel}","templated":true}]}}