{"id":7797,"date":"2025-09-16T12:20:36","date_gmt":"2025-09-16T15:20:36","guid":{"rendered":"https:\/\/www.madriproducoes.com.br\/portal\/?page_id=7797"},"modified":"2025-09-23T16:01:15","modified_gmt":"2025-09-23T19:01:15","slug":"customizar-widget-de-acessibilidade","status":"publish","type":"page","link":"https:\/\/www.madriproducoes.com.br\/portal\/customizar-widget-de-acessibilidade\/","title":{"rendered":"Customizar Widget de Acessibilidade"},"content":{"rendered":"\t\t<div data-elementor-type=\"wp-page\" data-elementor-id=\"7797\" class=\"elementor elementor-7797\" data-elementor-post-type=\"page\">\n\t\t\t\t<div class=\"elementor-element elementor-element-2ca24f5 e-con-full e-flex e-con e-parent\" data-id=\"2ca24f5\" data-element_type=\"container\" data-e-type=\"container\" data-settings=\"{&quot;background_background&quot;:&quot;classic&quot;}\">\n\t\t\t\t<div class=\"elementor-element elementor-element-3bce0fd elementor-widget elementor-widget-html\" data-id=\"3bce0fd\" data-element_type=\"widget\" data-e-type=\"widget\" data-widget_type=\"html.default\">\n\t\t\t\t<div class=\"elementor-widget-container\">\n\t\t\t\t\t<iframe src=\"https:\/\/moobox.com.br\/customize.html\" style=\"width:100%; height:250vh; border:0;\" scrolling=\"no\"><\/iframe>\r\n\t\t\t\t<\/div>\n\t\t\t\t<\/div>\n\t\t\t\t<\/div>\n\t\t\t\t<\/div>\n\t\t","protected":false},"excerpt":{"rendered":"","protected":false},"author":3,"featured_media":0,"parent":0,"menu_order":0,"comment_status":"closed","ping_status":"closed","template":"","meta":{"footnotes":""},"folder":[],"class_list":["post-7797","page","type-page","status-publish","hentry"],"yoast_head":"<!-- This site is optimized with the Yoast SEO plugin v27.3 - https:\/\/yoast.com\/product\/yoast-seo-wordpress\/ -->\n<title>Customizar Widget de Acessibilidade - Madri Lab<\/title>\n<meta name=\"robots\" content=\"index, follow, max-snippet:-1, max-image-preview:large, max-video-preview:-1\" \/>\n<link rel=\"canonical\" href=\"https:\/\/www.madriproducoes.com.br\/portal\/customizar-widget-de-acessibilidade\/\" \/>\n<meta property=\"og:locale\" content=\"pt_BR\" \/>\n<meta property=\"og:type\" content=\"article\" \/>\n<meta property=\"og:title\" content=\"Customizar Widget de Acessibilidade - Madri Lab\" \/>\n<meta property=\"og:url\" content=\"https:\/\/www.madriproducoes.com.br\/portal\/customizar-widget-de-acessibilidade\/\" \/>\n<meta property=\"og:site_name\" content=\"Madri Lab\" \/>\n<meta property=\"article:modified_time\" content=\"2025-09-23T19:01:15+00:00\" \/>\n<meta name=\"twitter:card\" content=\"summary_large_image\" \/>\n<!-- \/ Yoast SEO plugin. -->","yoast_head_json":{"title":"Customizar Widget de Acessibilidade - Madri Lab","robots":{"index":"index","follow":"follow","max-snippet":"max-snippet:-1","max-image-preview":"max-image-preview:large","max-video-preview":"max-video-preview:-1"},"canonical":"https:\/\/www.madriproducoes.com.br\/portal\/customizar-widget-de-acessibilidade\/","og_locale":"pt_BR","og_type":"article","og_title":"Customizar Widget de Acessibilidade - Madri Lab","og_url":"https:\/\/www.madriproducoes.com.br\/portal\/customizar-widget-de-acessibilidade\/","og_site_name":"Madri Lab","article_modified_time":"2025-09-23T19:01:15+00:00","twitter_card":"summary_large_image","schema":{"@context":"https:\/\/schema.org","@graph":[{"@type":"WebPage","@id":"https:\/\/www.madriproducoes.com.br\/portal\/customizar-widget-de-acessibilidade\/","url":"https:\/\/www.madriproducoes.com.br\/portal\/customizar-widget-de-acessibilidade\/","name":"Customizar Widget de Acessibilidade - Madri Lab","isPartOf":{"@id":"https:\/\/www.madriproducoes.com.br\/portal\/#website"},"datePublished":"2025-09-16T15:20:36+00:00","dateModified":"2025-09-23T19:01:15+00:00","breadcrumb":{"@id":"https:\/\/www.madriproducoes.com.br\/portal\/customizar-widget-de-acessibilidade\/#breadcrumb"},"inLanguage":"pt-BR","potentialAction":[{"@type":"ReadAction","target":["https:\/\/www.madriproducoes.com.br\/portal\/customizar-widget-de-acessibilidade\/"]}]},{"@type":"BreadcrumbList","@id":"https:\/\/www.madriproducoes.com.br\/portal\/customizar-widget-de-acessibilidade\/#breadcrumb","itemListElement":[{"@type":"ListItem","position":1,"name":"In\u00edcio","item":"https:\/\/www.madriproducoes.com.br\/portal\/"},{"@type":"ListItem","position":2,"name":"Customizar Widget de Acessibilidade"}]},{"@type":"WebSite","@id":"https:\/\/www.madriproducoes.com.br\/portal\/#website","url":"https:\/\/www.madriproducoes.com.br\/portal\/","name":"Madri Lab","description":"&quot;Descubra a Madriprodu\u00e7\u00f5es: especialistas em criar eventos inesquec\u00edveis! Oferecemos solu\u00e7\u00f5es completas em produ\u00e7\u00e3o audiovisual, gest\u00e3o de eventos e conte\u00fados digitais para transformar sua ideia em realidade. Confira nossos servi\u00e7os!","publisher":{"@id":"https:\/\/www.madriproducoes.com.br\/portal\/#organization"},"potentialAction":[{"@type":"SearchAction","target":{"@type":"EntryPoint","urlTemplate":"https:\/\/www.madriproducoes.com.br\/portal\/?s={search_term_string}"},"query-input":{"@type":"PropertyValueSpecification","valueRequired":true,"valueName":"search_term_string"}}],"inLanguage":"pt-BR"},{"@type":"Organization","@id":"https:\/\/www.madriproducoes.com.br\/portal\/#organization","name":"Madri Lab","url":"https:\/\/www.madriproducoes.com.br\/portal\/","logo":{"@type":"ImageObject","inLanguage":"pt-BR","@id":"https:\/\/www.madriproducoes.com.br\/portal\/#\/schema\/logo\/image\/","url":"https:\/\/www.madriproducoes.com.br\/portal\/wp-content\/uploads\/2023\/11\/logotipo-header.png","contentUrl":"https:\/\/www.madriproducoes.com.br\/portal\/wp-content\/uploads\/2023\/11\/logotipo-header.png","width":160,"height":92,"caption":"Madri Lab"},"image":{"@id":"https:\/\/www.madriproducoes.com.br\/portal\/#\/schema\/logo\/image\/"}}]}},"_links":{"self":[{"href":"https:\/\/www.madriproducoes.com.br\/portal\/wp-json\/wp\/v2\/pages\/7797","targetHints":{"allow":["GET"]}}],"collection":[{"href":"https:\/\/www.madriproducoes.com.br\/portal\/wp-json\/wp\/v2\/pages"}],"about":[{"href":"https:\/\/www.madriproducoes.com.br\/portal\/wp-json\/wp\/v2\/types\/page"}],"author":[{"embeddable":true,"href":"https:\/\/www.madriproducoes.com.br\/portal\/wp-json\/wp\/v2\/users\/3"}],"replies":[{"embeddable":true,"href":"https:\/\/www.madriproducoes.com.br\/portal\/wp-json\/wp\/v2\/comments?post=7797"}],"version-history":[{"count":6,"href":"https:\/\/www.madriproducoes.com.br\/portal\/wp-json\/wp\/v2\/pages\/7797\/revisions"}],"predecessor-version":[{"id":8015,"href":"https:\/\/www.madriproducoes.com.br\/portal\/wp-json\/wp\/v2\/pages\/7797\/revisions\/8015"}],"wp:attachment":[{"href":"https:\/\/www.madriproducoes.com.br\/portal\/wp-json\/wp\/v2\/media?parent=7797"}],"wp:term":[{"taxonomy":"folder","embeddable":true,"href":"https:\/\/www.madriproducoes.com.br\/portal\/wp-json\/wp\/v2\/folder?post=7797"}],"curies":[{"name":"wp","href":"https:\/\/api.w.org\/{rel}","templated":true}]}}