{"id":925,"date":"2023-11-27T13:19:26","date_gmt":"2023-11-27T16:19:26","guid":{"rendered":"https:\/\/www.madriproducoes.com.br\/portal\/?page_id=925"},"modified":"2024-06-18T11:03:34","modified_gmt":"2024-06-18T14:03:34","slug":"servidores","status":"publish","type":"page","link":"https:\/\/www.madriproducoes.com.br\/portal\/servicos\/servidores\/","title":{"rendered":"Servidores"},"content":{"rendered":"\t\t<div data-elementor-type=\"wp-page\" data-elementor-id=\"925\" class=\"elementor elementor-925\" data-elementor-post-type=\"page\">\n\t\t\t\t<div class=\"elementor-element elementor-element-949b19f e-con-full img-bnn e-flex e-con e-parent\" data-id=\"949b19f\" data-element_type=\"container\" data-e-type=\"container\" data-settings=\"{&quot;background_background&quot;:&quot;classic&quot;}\">\n\t\t\t\t<div class=\"elementor-element elementor-element-8a8bc19 elementor-widget-tablet__width-initial elementor-widget-mobile__width-inherit elementor-widget__width-initial elementor-widget elementor-widget-heading\" data-id=\"8a8bc19\" data-element_type=\"widget\" data-e-type=\"widget\" data-widget_type=\"heading.default\">\n\t\t\t\t<div class=\"elementor-widget-container\">\n\t\t\t\t\t<h2 class=\"elementor-heading-title elementor-size-default\">Servidores<\/h2>\t\t\t\t<\/div>\n\t\t\t\t<\/div>\n\t\t\t\t<div class=\"elementor-element elementor-element-3f35868 elementor-widget__width-initial elementor-widget-tablet__width-initial elementor-widget elementor-widget-html\" data-id=\"3f35868\" data-element_type=\"widget\" data-e-type=\"widget\" data-widget_type=\"html.default\">\n\t\t\t\t<div class=\"elementor-widget-container\">\n\t\t\t\t\t<!DOCTYPE html>\r\n<html lang=\"en\">\r\n<head>\r\n    <meta charset=\"UTF-8\">\r\n    <meta name=\"viewport\" content=\"width=device-width, initial-scale=1.0\">\r\n    <link rel=\"stylesheet\" href=\"styles.css\">\r\n    <title>Lista Responsiva<\/title>\r\n    \r\n<style type=\"text\/css\">\r\n       .lista2 {\r\n    display: flex;\r\n    flex-wrap: wrap;\r\n    max-width: 731px;\r\n    margin: 0px auto;\r\n    min-height: 20px;\r\n    max-height: 2000px;\r\n    padding: 0px 10px;\r\n    align-items: baseline;\r\n    \/*margin-bottom: 345px;*\/\r\n    background: #00000096 none repeat scroll 0 0;\r\n    border-radius: 5px;\r\n    padding-bottom: 20px;\r\n    padding-top: 5px;\r\n    justify-content: center;\r\n\r\n.item2 {\r\n     \/* Largura dos itens *\/\r\n    height: 12px; \/* Altura dos itens (ajuste conforme necess\u00e1rio) *\/\r\n    color: white; \r\n    font-weight: 600;\r\n    font-size: 14px;\r\n    margin: 0px 0px; \/* Espa\u00e7amento entre os itens (ajuste conforme necess\u00e1rio) *\/\r\n   font-family: 'Poppins', sans-serif;\r\n    text-align: center;\r\n    line-height: 40px; \/* Centraliza o texto verticalmente *\/\r\n}\r\n\r\n.item2 i{\r\n    color: #ffb606;\r\n    font-size: 15px;\r\n}\r\n\r\n.item2 a {\r\n    color: #FFFFFF;\r\n}\r\nsvg {\r\n    width: 8px ;\r\n    fill: #ffb606  ;\r\n    stroke-width: 5px !important;\r\n    margin: 0px 10px\r\n    \r\n    \r\n}\r\n\r\n.item-final2{\r\n    color: #FFFFFF96\r\n}\r\n\r\n@media(max-width: 1024px){\r\n   .lista2 {\r\n    display: flex;\r\n    flex-wrap: wrap;\r\n    max-width: 470px;}\r\n}\r\n\r\n@media(max-width: 425px){\r\n    .home2{\r\n    width: 44%;\r\n    text-align: right;\r\n\r\n}\r\n.servico2{\r\n    width: 44%;\r\n    text-align: left\r\n}\r\n\r\n\r\n}\r\n\r\n@media(max-width: 375px){\r\n    .lista2{\r\n    padding-right: 0px;\r\n    padding-left: 0px}\r\n}\r\n\r\n@media(max-width: 320px){\r\n\r\n.lista2{\r\n    padding: 0px 25px;\r\n}\r\n.item2{\r\n    font-size: 12px;\r\n    \r\n}\r\n\r\n}\r\n\r\n\r\n\r\n        \r\n    <\/style>\r\n<\/head>\r\n<body>\r\n    <div class=\"lista2\">\r\n<div class=\"item2 home2\"><i class=\"fas fa-home\"><\/i><a href=\"https:\/\/www.madriproducoes.com.br\/portal\/\"> HOME<\/a><\/div><svg aria-hidden=\"true\" class=\" entreHS e-font-icon-svg e-far-circle\" viewBox=\"0 0 512 512\" xmlns=\"http:\/\/www.w3.org\/2000\/svg\"><path d=\"M256 8C119 8 8 119 8 256s111 248 248 248 248-111 248-248S393 8 256 8zm0 448c-110.5 0-200-89.5-200-200S145.5 56 256 56s200 89.5 200 200-89.5 200-200 200z\"><\/path><\/svg>\r\n<div class=\"item2 servico2\"><a href=\"https:\/\/www.madriproducoes.com.br\/portal\/servicos\/\">SERVI\u00c7O <\/a><\/div><svg aria-hidden=\"true\" class=\"depois-servico e-font-icon-svg e-far-circle\" viewBox=\"0 0 512 512\" xmlns=\"http:\/\/www.w3.org\/2000\/svg\"><path d=\"M256 8C119 8 8 119 8 256s111 248 248 248 248-111 248-248S393 8 256 8zm0 448c-110.5 0-200-89.5-200-200S145.5 56 256 56s200 89.5 200 200-89.5 200-200 200z\"><\/path><\/svg>\r\n <div class=\"item2 item-final2\">SERVIDORES<\/div>\r\n        <!-- Adicione mais itens conforme necess\u00e1rio -->\r\n    <\/div>\r\n<\/body>\r\n<\/html>\t\t\t\t<\/div>\n\t\t\t\t<\/div>\n\t\t\t\t<\/div>\n\t\t<div class=\"elementor-element elementor-element-186c8d8 e-flex e-con-boxed e-con e-parent\" data-id=\"186c8d8\" data-element_type=\"container\" data-e-type=\"container\">\n\t\t\t\t\t<div class=\"e-con-inner\">\n\t\t<div class=\"elementor-element elementor-element-86016bd e-flex e-con-boxed e-con e-child\" data-id=\"86016bd\" data-element_type=\"container\" data-e-type=\"container\">\n\t\t\t\t\t<div class=\"e-con-inner\">\n\t\t\t\t<div class=\"elementor-element elementor-element-9996efd elementor-widget elementor-widget-heading\" data-id=\"9996efd\" data-element_type=\"widget\" data-e-type=\"widget\" data-widget_type=\"heading.default\">\n\t\t\t\t<div class=\"elementor-widget-container\">\n\t\t\t\t\t<h2 class=\"elementor-heading-title elementor-size-default\">Servidores de alta performance para atender <\/br>seus projetos<\/h2>\t\t\t\t<\/div>\n\t\t\t\t<\/div>\n\t\t\t\t<div class=\"elementor-element elementor-element-2d5b3a1 elementor-widget elementor-widget-template\" data-id=\"2d5b3a1\" data-element_type=\"widget\" data-e-type=\"widget\" data-widget_type=\"template.default\">\n\t\t\t\t<div class=\"elementor-widget-container\">\n\t\t\t\t\t\t\t<div class=\"elementor-template\">\n\t\t\t\t\t<div data-elementor-type=\"section\" data-elementor-id=\"562\" class=\"elementor elementor-562\" data-elementor-post-type=\"elementor_library\">\n\t\t\t<div class=\"elementor-element elementor-element-a864ff8 e-flex e-con-boxed e-con e-parent\" data-id=\"a864ff8\" data-element_type=\"container\" data-e-type=\"container\">\n\t\t\t\t\t<div class=\"e-con-inner\">\n\t\t<div class=\"elementor-element elementor-element-e725515 e-con-full e-flex e-con e-child\" data-id=\"e725515\" data-element_type=\"container\" data-e-type=\"container\">\n\t\t\t\t<div class=\"elementor-element elementor-element-6958644 elementor-widget-divider--view-line elementor-widget elementor-widget-divider\" data-id=\"6958644\" data-element_type=\"widget\" data-e-type=\"widget\" data-widget_type=\"divider.default\">\n\t\t\t\t<div class=\"elementor-widget-container\">\n\t\t\t\t\t\t\t<div class=\"elementor-divider\">\n\t\t\t<span class=\"elementor-divider-separator\">\n\t\t\t\t\t\t<\/span>\n\t\t<\/div>\n\t\t\t\t\t\t<\/div>\n\t\t\t\t<\/div>\n\t\t\t\t<\/div>\n\t\t<div class=\"elementor-element elementor-element-fb101a1 e-con-full e-flex e-con e-child\" data-id=\"fb101a1\" data-element_type=\"container\" data-e-type=\"container\">\n\t\t\t\t<div class=\"elementor-element elementor-element-0886fe3 elementor-widget-divider--view-line elementor-widget elementor-widget-divider\" data-id=\"0886fe3\" data-element_type=\"widget\" data-e-type=\"widget\" data-widget_type=\"divider.default\">\n\t\t\t\t<div class=\"elementor-widget-container\">\n\t\t\t\t\t\t\t<div class=\"elementor-divider\">\n\t\t\t<span class=\"elementor-divider-separator\">\n\t\t\t\t\t\t<\/span>\n\t\t<\/div>\n\t\t\t\t\t\t<\/div>\n\t\t\t\t<\/div>\n\t\t\t\t<\/div>\n\t\t\t\t\t<\/div>\n\t\t\t\t<\/div>\n\t\t\t\t<\/div>\n\t\t\t\t<\/div>\n\t\t\t\t\t\t<\/div>\n\t\t\t\t<\/div>\n\t\t\t\t\t<\/div>\n\t\t\t\t<\/div>\n\t\t\t\t\t<\/div>\n\t\t\t\t<\/div>\n\t\t<div class=\"elementor-element elementor-element-e1d0ecf e-flex e-con-boxed e-con e-parent\" data-id=\"e1d0ecf\" data-element_type=\"container\" data-e-type=\"container\">\n\t\t\t\t\t<div class=\"e-con-inner\">\n\t\t\t\t<div class=\"elementor-element elementor-element-17688c1 elementor-widget__width-initial elementor-widget-tablet__width-inherit elementor-widget elementor-widget-text-editor\" data-id=\"17688c1\" data-element_type=\"widget\" data-e-type=\"widget\" data-widget_type=\"text-editor.default\">\n\t\t\t\t<div class=\"elementor-widget-container\">\n\t\t\t\t\t\t\t\t\t<p>Aceitamos plataformas como <strong>AVA Moodle, SaKai, learnDash, Lifter LMS, LearnPress, Tutor LMS, Sensei EAD, Good LMS, MasterStudy LMS<\/strong>, dentre outros.<\/p>\t\t\t\t\t\t\t\t<\/div>\n\t\t\t\t<\/div>\n\t\t\t\t\t<\/div>\n\t\t\t\t<\/div>\n\t\t<div class=\"elementor-element elementor-element-c5c86dd e-grid e-con-boxed e-con e-parent\" data-id=\"c5c86dd\" data-element_type=\"container\" data-e-type=\"container\">\n\t\t\t\t\t<div class=\"e-con-inner\">\n\t\t<div class=\"elementor-element elementor-element-76bafcf e-flex e-con-boxed e-con e-child\" data-id=\"76bafcf\" data-element_type=\"container\" data-e-type=\"container\">\n\t\t\t\t\t<div class=\"e-con-inner\">\n\t\t\t\t<div class=\"elementor-element elementor-element-4d664da elementor-widget__width-inherit pa-icon-pos-before elementor-widget elementor-widget-premium-addon-image-button\" data-id=\"4d664da\" data-element_type=\"widget\" data-e-type=\"widget\" data-widget_type=\"premium-addon-image-button.default\">\n\t\t\t\t<div class=\"elementor-widget-container\">\n\t\t\t\t\t\n\t\t<a class=\"premium-image-button-none premium-image-button premium-btn-lg premium-image-button-none\" href=\"https:\/\/www.madriproducoes.com.br\/portal\/servidores\/host-popular\/\">\n\t\t\t<div class=\"premium-image-button-text-icon-wrapper\">\n\n\t\t\t\t\t\t\t\t\t\t\t\t\t\t\t\t\t\t\t\t\t\t<i class=\"premium-svg-nodraw premium-drawable-icon icon icon-cogwheel\" aria-hidden=\"true\"><\/i>\t\t\t\t\t\t\t\t\t\t\t\t\t\t\t\n\t\t\t\t\t\t\t\t\t<span >\n\t\t\t\t\t\tHost Popular\t\t\t\t\t<\/span>\n\t\t\t\t\n\t\t\t<\/div>\n\n\t\t\t\n\t\t\t\n\t\t\t\n\t\t<\/a>\n\n\t\t\t\t\t\t<\/div>\n\t\t\t\t<\/div>\n\t\t\t\t\t<\/div>\n\t\t\t\t<\/div>\n\t\t<div class=\"elementor-element elementor-element-751f25a e-flex e-con-boxed e-con e-child\" data-id=\"751f25a\" data-element_type=\"container\" data-e-type=\"container\">\n\t\t\t\t\t<div class=\"e-con-inner\">\n\t\t\t\t<div class=\"elementor-element elementor-element-96cda17 elementor-widget__width-inherit pa-icon-pos-before elementor-widget elementor-widget-premium-addon-image-button\" data-id=\"96cda17\" data-element_type=\"widget\" data-e-type=\"widget\" data-widget_type=\"premium-addon-image-button.default\">\n\t\t\t\t<div class=\"elementor-widget-container\">\n\t\t\t\t\t\n\t\t<a class=\"premium-image-button-none premium-image-button premium-btn-lg premium-image-button-none\" href=\"https:\/\/www.madriproducoes.com.br\/portal\/servidores\/host-corporativo\/\">\n\t\t\t<div class=\"premium-image-button-text-icon-wrapper\">\n\n\t\t\t\t\t\t\t\t\t\t\t\t\t\t\t\t\t\t\t\t\t\t<i class=\"premium-svg-nodraw premium-drawable-icon icon icon-cogwheel\" aria-hidden=\"true\"><\/i>\t\t\t\t\t\t\t\t\t\t\t\t\t\t\t\n\t\t\t\t\t\t\t\t\t<span >\n\t\t\t\t\t\tHost Corporativo\t\t\t\t\t<\/span>\n\t\t\t\t\n\t\t\t<\/div>\n\n\t\t\t\n\t\t\t\n\t\t\t\n\t\t<\/a>\n\n\t\t\t\t\t\t<\/div>\n\t\t\t\t<\/div>\n\t\t\t\t\t<\/div>\n\t\t\t\t<\/div>\n\t\t<div class=\"elementor-element elementor-element-d80b531 e-flex e-con-boxed e-con e-child\" data-id=\"d80b531\" data-element_type=\"container\" data-e-type=\"container\">\n\t\t\t\t\t<div class=\"e-con-inner\">\n\t\t\t\t<div class=\"elementor-element elementor-element-495a260 elementor-widget__width-inherit pa-icon-pos-before elementor-widget elementor-widget-premium-addon-image-button\" data-id=\"495a260\" data-element_type=\"widget\" data-e-type=\"widget\" data-widget_type=\"premium-addon-image-button.default\">\n\t\t\t\t<div class=\"elementor-widget-container\">\n\t\t\t\t\t\n\t\t<a class=\"premium-image-button-none premium-image-button premium-btn-lg premium-image-button-none\" href=\"https:\/\/www.madriproducoes.com.br\/portal\/servidores\/host-alta-performance\/\">\n\t\t\t<div class=\"premium-image-button-text-icon-wrapper\">\n\n\t\t\t\t\t\t\t\t\t\t\t\t\t\t\t\t\t\t\t\t\t\t<i class=\"premium-svg-nodraw premium-drawable-icon icon icon-cogwheel\" aria-hidden=\"true\"><\/i>\t\t\t\t\t\t\t\t\t\t\t\t\t\t\t\n\t\t\t\t\t\t\t\t\t<span >\n\t\t\t\t\t\tHost Alta Performance\t\t\t\t\t<\/span>\n\t\t\t\t\n\t\t\t<\/div>\n\n\t\t\t\n\t\t\t\n\t\t\t\n\t\t<\/a>\n\n\t\t\t\t\t\t<\/div>\n\t\t\t\t<\/div>\n\t\t\t\t\t<\/div>\n\t\t\t\t<\/div>\n\t\t\t\t\t<\/div>\n\t\t\t\t<\/div>\n\t\t\t\t<\/div>\n\t\t","protected":false},"excerpt":{"rendered":"<p>Servidores Lista Responsiva HOME SERVI\u00c7O SERVIDORES Servidores de alta performance para atender seus projetos Aceitamos plataformas como AVA Moodle, SaKai, learnDash, Lifter LMS, LearnPress, Tutor LMS, Sensei EAD, Good LMS, MasterStudy LMS, dentre outros. Host Popular Host Corporativo Host Alta Performance<\/p>\n","protected":false},"author":2,"featured_media":0,"parent":14,"menu_order":0,"comment_status":"closed","ping_status":"closed","template":"","meta":{"footnotes":""},"folder":[],"class_list":["post-925","page","type-page","status-publish","hentry"],"yoast_head":"<!-- This site is optimized with the Yoast SEO plugin v27.3 - https:\/\/yoast.com\/product\/yoast-seo-wordpress\/ -->\n<title>Servidores - Madri Lab<\/title>\n<meta name=\"robots\" content=\"index, follow, max-snippet:-1, max-image-preview:large, max-video-preview:-1\" \/>\n<link rel=\"canonical\" href=\"https:\/\/www.madriproducoes.com.br\/portal\/servicos\/servidores\/\" \/>\n<meta property=\"og:locale\" content=\"pt_BR\" \/>\n<meta property=\"og:type\" content=\"article\" \/>\n<meta property=\"og:title\" content=\"Servidores - Madri Lab\" \/>\n<meta property=\"og:description\" content=\"Servidores Lista Responsiva HOME SERVI\u00c7O SERVIDORES Servidores de alta performance para atender seus projetos Aceitamos plataformas como AVA Moodle, SaKai, learnDash, Lifter LMS, LearnPress, Tutor LMS, Sensei EAD, Good LMS, MasterStudy LMS, dentre outros. Host Popular Host Corporativo Host Alta Performance\" \/>\n<meta property=\"og:url\" content=\"https:\/\/www.madriproducoes.com.br\/portal\/servicos\/servidores\/\" \/>\n<meta property=\"og:site_name\" content=\"Madri Lab\" \/>\n<meta property=\"article:modified_time\" content=\"2024-06-18T14:03:34+00:00\" \/>\n<meta name=\"twitter:card\" content=\"summary_large_image\" \/>\n<meta name=\"twitter:label1\" content=\"Est. tempo de leitura\" \/>\n\t<meta name=\"twitter:data1\" content=\"1 minuto\" \/>\n<!-- \/ Yoast SEO plugin. -->","yoast_head_json":{"title":"Servidores - Madri Lab","robots":{"index":"index","follow":"follow","max-snippet":"max-snippet:-1","max-image-preview":"max-image-preview:large","max-video-preview":"max-video-preview:-1"},"canonical":"https:\/\/www.madriproducoes.com.br\/portal\/servicos\/servidores\/","og_locale":"pt_BR","og_type":"article","og_title":"Servidores - Madri Lab","og_description":"Servidores Lista Responsiva HOME SERVI\u00c7O SERVIDORES Servidores de alta performance para atender seus projetos Aceitamos plataformas como AVA Moodle, SaKai, learnDash, Lifter LMS, LearnPress, Tutor LMS, Sensei EAD, Good LMS, MasterStudy LMS, dentre outros. Host Popular Host Corporativo Host Alta Performance","og_url":"https:\/\/www.madriproducoes.com.br\/portal\/servicos\/servidores\/","og_site_name":"Madri Lab","article_modified_time":"2024-06-18T14:03:34+00:00","twitter_card":"summary_large_image","twitter_misc":{"Est. tempo de leitura":"1 minuto"},"schema":{"@context":"https:\/\/schema.org","@graph":[{"@type":"WebPage","@id":"https:\/\/www.madriproducoes.com.br\/portal\/servicos\/servidores\/","url":"https:\/\/www.madriproducoes.com.br\/portal\/servicos\/servidores\/","name":"Servidores - Madri Lab","isPartOf":{"@id":"https:\/\/www.madriproducoes.com.br\/portal\/#website"},"datePublished":"2023-11-27T16:19:26+00:00","dateModified":"2024-06-18T14:03:34+00:00","breadcrumb":{"@id":"https:\/\/www.madriproducoes.com.br\/portal\/servicos\/servidores\/#breadcrumb"},"inLanguage":"pt-BR","potentialAction":[{"@type":"ReadAction","target":["https:\/\/www.madriproducoes.com.br\/portal\/servicos\/servidores\/"]}]},{"@type":"BreadcrumbList","@id":"https:\/\/www.madriproducoes.com.br\/portal\/servicos\/servidores\/#breadcrumb","itemListElement":[{"@type":"ListItem","position":1,"name":"In\u00edcio","item":"https:\/\/www.madriproducoes.com.br\/portal\/"},{"@type":"ListItem","position":2,"name":"Servi\u00e7os","item":"https:\/\/www.madriproducoes.com.br\/portal\/servicos\/"},{"@type":"ListItem","position":3,"name":"Servidores"}]},{"@type":"WebSite","@id":"https:\/\/www.madriproducoes.com.br\/portal\/#website","url":"https:\/\/www.madriproducoes.com.br\/portal\/","name":"Madri Lab","description":"&quot;Descubra a Madriprodu\u00e7\u00f5es: especialistas em criar eventos inesquec\u00edveis! Oferecemos solu\u00e7\u00f5es completas em produ\u00e7\u00e3o audiovisual, gest\u00e3o de eventos e conte\u00fados digitais para transformar sua ideia em realidade. Confira nossos servi\u00e7os!","publisher":{"@id":"https:\/\/www.madriproducoes.com.br\/portal\/#organization"},"potentialAction":[{"@type":"SearchAction","target":{"@type":"EntryPoint","urlTemplate":"https:\/\/www.madriproducoes.com.br\/portal\/?s={search_term_string}"},"query-input":{"@type":"PropertyValueSpecification","valueRequired":true,"valueName":"search_term_string"}}],"inLanguage":"pt-BR"},{"@type":"Organization","@id":"https:\/\/www.madriproducoes.com.br\/portal\/#organization","name":"Madri Lab","url":"https:\/\/www.madriproducoes.com.br\/portal\/","logo":{"@type":"ImageObject","inLanguage":"pt-BR","@id":"https:\/\/www.madriproducoes.com.br\/portal\/#\/schema\/logo\/image\/","url":"https:\/\/www.madriproducoes.com.br\/portal\/wp-content\/uploads\/2023\/11\/logotipo-header.png","contentUrl":"https:\/\/www.madriproducoes.com.br\/portal\/wp-content\/uploads\/2023\/11\/logotipo-header.png","width":160,"height":92,"caption":"Madri Lab"},"image":{"@id":"https:\/\/www.madriproducoes.com.br\/portal\/#\/schema\/logo\/image\/"}}]}},"_links":{"self":[{"href":"https:\/\/www.madriproducoes.com.br\/portal\/wp-json\/wp\/v2\/pages\/925","targetHints":{"allow":["GET"]}}],"collection":[{"href":"https:\/\/www.madriproducoes.com.br\/portal\/wp-json\/wp\/v2\/pages"}],"about":[{"href":"https:\/\/www.madriproducoes.com.br\/portal\/wp-json\/wp\/v2\/types\/page"}],"author":[{"embeddable":true,"href":"https:\/\/www.madriproducoes.com.br\/portal\/wp-json\/wp\/v2\/users\/2"}],"replies":[{"embeddable":true,"href":"https:\/\/www.madriproducoes.com.br\/portal\/wp-json\/wp\/v2\/comments?post=925"}],"version-history":[{"count":119,"href":"https:\/\/www.madriproducoes.com.br\/portal\/wp-json\/wp\/v2\/pages\/925\/revisions"}],"predecessor-version":[{"id":5999,"href":"https:\/\/www.madriproducoes.com.br\/portal\/wp-json\/wp\/v2\/pages\/925\/revisions\/5999"}],"up":[{"embeddable":true,"href":"https:\/\/www.madriproducoes.com.br\/portal\/wp-json\/wp\/v2\/pages\/14"}],"wp:attachment":[{"href":"https:\/\/www.madriproducoes.com.br\/portal\/wp-json\/wp\/v2\/media?parent=925"}],"wp:term":[{"taxonomy":"folder","embeddable":true,"href":"https:\/\/www.madriproducoes.com.br\/portal\/wp-json\/wp\/v2\/folder?post=925"}],"curies":[{"name":"wp","href":"https:\/\/api.w.org\/{rel}","templated":true}]}}